{"id":115,"date":"2025-06-18T10:32:56","date_gmt":"2025-06-18T09:32:56","guid":{"rendered":"https:\/\/www.lbmedica.cz\/?page_id=115"},"modified":"2025-09-01T06:09:40","modified_gmt":"2025-09-01T05:09:40","slug":"ordinacni-doba","status":"publish","type":"page","link":"https:\/\/www.lbmedica.cz\/?page_id=115","title":{"rendered":"Ordina\u010dn\u00ed doba"},"content":{"rendered":"\n<p><strong>Pond\u011bl\u00ed\u00a0 \u00a0 7:00-17:00\u00a0 \u00a0 \u00a0 \u00a0 \u00a0 \u00a0 \u00a0 \u00a0 \u00a0 \u00a0\u00a0<\/strong><\/p>\n\n\n\n<p><strong>\u00dater\u00fd\u00a0 \u00a0 \u00a0 \u00a0 7:30-14:00\u00a0 \u00a0 <\/strong><\/p>\n\n\n\n<p><strong>St\u0159eda\u00a0 \u00a0 \u00a0  8:00- 12:00\u00a0 \u00a0<\/strong><\/p>\n\n\n\n<p><strong>\u010ctvrtek\u00a0 \u00a0  8:00-12:00\u00a0 \u00a0 <\/strong><\/p>\n\n\n\n<p><strong>P\u00e1tek\u00a0 \u00a0 \u00a0 \u00a0 7:00-13:00\u00a0 \u00a0 <br><\/strong><\/p>\n\n\n\n<p>Posledn\u00ed pacient do ordinace 30 minut p\u0159ed koncem pracovn\u00ed doby.<\/p>\n\n\n\n<p>Objedn\u00e1n\u00ed je mo\u017en\u00e9 telefonicky, mailem nebo p\u0159es N\u00e1v\u0161t\u011bvu l\u00e9ka\u0159e. O\u0161et\u0159\u00edme ale i neobjednan\u00e9 pacienty. Nen\u00ed nutn\u00e1 \u017e\u00e1danka od praktick\u00e9ho l\u00e9ka\u0159e nebo pediatra.<\/p>\n\n\n\n<p><a href=\"https:\/\/www.lbmedica.cz\"><em>Zm\u011bny ordina\u010dn\u00ed doby jsou uvedeny na \u00favodn\u00ed str\u00e1nce.<\/em><\/a><\/p>\n\n\n\n<p><\/p>\n","protected":false},"excerpt":{"rendered":"<p>Pond\u011bl\u00ed\u00a0 \u00a0 7:00-17:00\u00a0 \u00a0 \u00a0 \u00a0 \u00a0 \u00a0 \u00a0 \u00a0 \u00a0 \u00a0\u00a0 \u00dater\u00fd\u00a0 \u00a0 \u00a0 \u00a0 7:30-14:00\u00a0 \u00a0 St\u0159eda\u00a0 \u00a0 \u00a0 8:00- 12:00\u00a0 \u00a0 \u010ctvrtek\u00a0 \u00a0 8:00-12:00\u00a0 \u00a0 P\u00e1tek\u00a0 \u00a0 \u00a0 \u00a0 7:00-13:00\u00a0 \u00a0 Posledn\u00ed pacient do ordinace 30 minut p\u0159ed koncem pracovn\u00ed doby. Objedn\u00e1n\u00ed je mo\u017en\u00e9 telefonicky, mailem nebo p\u0159es N\u00e1v\u0161t\u011bvu l\u00e9ka\u0159e. O\u0161et\u0159\u00edme ale [&hellip;]<\/p>\n","protected":false},"author":2,"featured_media":0,"parent":0,"menu_order":0,"comment_status":"closed","ping_status":"closed","template":"","meta":{"footnotes":""},"class_list":["post-115","page","type-page","status-publish","hentry"],"_links":{"self":[{"href":"https:\/\/www.lbmedica.cz\/index.php?rest_route=\/wp\/v2\/pages\/115","targetHints":{"allow":["GET"]}}],"collection":[{"href":"https:\/\/www.lbmedica.cz\/index.php?rest_route=\/wp\/v2\/pages"}],"about":[{"href":"https:\/\/www.lbmedica.cz\/index.php?rest_route=\/wp\/v2\/types\/page"}],"author":[{"embeddable":true,"href":"https:\/\/www.lbmedica.cz\/index.php?rest_route=\/wp\/v2\/users\/2"}],"replies":[{"embeddable":true,"href":"https:\/\/www.lbmedica.cz\/index.php?rest_route=%2Fwp%2Fv2%2Fcomments&post=115"}],"version-history":[{"count":7,"href":"https:\/\/www.lbmedica.cz\/index.php?rest_route=\/wp\/v2\/pages\/115\/revisions"}],"predecessor-version":[{"id":217,"href":"https:\/\/www.lbmedica.cz\/index.php?rest_route=\/wp\/v2\/pages\/115\/revisions\/217"}],"wp:attachment":[{"href":"https:\/\/www.lbmedica.cz\/index.php?rest_route=%2Fwp%2Fv2%2Fmedia&parent=115"}],"curies":[{"name":"wp","href":"https:\/\/api.w.org\/{rel}","templated":true}]}}