{"id":111,"date":"2025-06-18T10:32:35","date_gmt":"2025-06-18T09:32:35","guid":{"rendered":"https:\/\/www.lbmedica.cz\/?page_id=111"},"modified":"2025-09-16T11:06:50","modified_gmt":"2025-09-16T10:06:50","slug":"tym","status":"publish","type":"page","link":"https:\/\/www.lbmedica.cz\/?page_id=111","title":{"rendered":"T\u00fdm"},"content":{"rendered":"\n<h4 class=\"wp-block-heading\">Poznejte n\u00e1\u0161 t\u00fdm<\/h4>\n\n\n\n<p>Jsme t\u00fdm zku\u0161en\u00fdch zdravotn\u00edk\u016f, kte\u0159\u00ed se specializuj\u00ed na oblast ORL.<br>Na\u0161e ordinace se nach\u00e1z\u00ed v Praze 7 a poskytujeme komplexn\u00ed p\u00e9\u010di v oblasti u\u0161n\u00ed, nosn\u00ed a kr\u010dn\u00ed.<br><\/p>\n\n\n\n<div class=\"wp-block-columns is-layout-flex wp-container-core-columns-is-layout-28f84493 wp-block-columns-is-layout-flex\">\n<div class=\"wp-block-column is-layout-flow wp-block-column-is-layout-flow\">\n<figure class=\"wp-block-image aligncenter size-full\"><img loading=\"lazy\" decoding=\"async\" width=\"1920\" height=\"2560\" src=\"https:\/\/www.lbmedica.cz\/wp-content\/uploads\/2025\/06\/IMG_1049-scaled.jpg\" alt=\"\" class=\"wp-image-192\" srcset=\"https:\/\/www.lbmedica.cz\/wp-content\/uploads\/2025\/06\/IMG_1049-scaled.jpg 1920w, https:\/\/www.lbmedica.cz\/wp-content\/uploads\/2025\/06\/IMG_1049-225x300.jpg 225w, https:\/\/www.lbmedica.cz\/wp-content\/uploads\/2025\/06\/IMG_1049-768x1024.jpg 768w, https:\/\/www.lbmedica.cz\/wp-content\/uploads\/2025\/06\/IMG_1049-1152x1536.jpg 1152w, https:\/\/www.lbmedica.cz\/wp-content\/uploads\/2025\/06\/IMG_1049-1536x2048.jpg 1536w\" sizes=\"auto, (max-width: 1920px) 100vw, 1920px\" \/><\/figure>\n<\/div>\n\n\n\n<div class=\"wp-block-column is-layout-flow wp-block-column-is-layout-flow\">\n<figure class=\"wp-block-image aligncenter size-full\"><img loading=\"lazy\" decoding=\"async\" width=\"1200\" height=\"1599\" src=\"https:\/\/www.lbmedica.cz\/wp-content\/uploads\/2025\/06\/cb23ab66-c281-4446-9e91-2e45de067378.jpg\" alt=\"\" class=\"wp-image-194\" srcset=\"https:\/\/www.lbmedica.cz\/wp-content\/uploads\/2025\/06\/cb23ab66-c281-4446-9e91-2e45de067378.jpg 1200w, https:\/\/www.lbmedica.cz\/wp-content\/uploads\/2025\/06\/cb23ab66-c281-4446-9e91-2e45de067378-225x300.jpg 225w, https:\/\/www.lbmedica.cz\/wp-content\/uploads\/2025\/06\/cb23ab66-c281-4446-9e91-2e45de067378-768x1023.jpg 768w, https:\/\/www.lbmedica.cz\/wp-content\/uploads\/2025\/06\/cb23ab66-c281-4446-9e91-2e45de067378-1153x1536.jpg 1153w\" sizes=\"auto, (max-width: 1200px) 100vw, 1200px\" \/><\/figure>\n<\/div>\n\n\n\n<div class=\"wp-block-column is-layout-flow wp-block-column-is-layout-flow\">\n<figure class=\"wp-block-image aligncenter size-full\"><img loading=\"lazy\" decoding=\"async\" width=\"1920\" height=\"2560\" src=\"https:\/\/www.lbmedica.cz\/wp-content\/uploads\/2025\/06\/IMG_0973-scaled.jpg\" alt=\"\" class=\"wp-image-193\" srcset=\"https:\/\/www.lbmedica.cz\/wp-content\/uploads\/2025\/06\/IMG_0973-scaled.jpg 1920w, https:\/\/www.lbmedica.cz\/wp-content\/uploads\/2025\/06\/IMG_0973-225x300.jpg 225w, https:\/\/www.lbmedica.cz\/wp-content\/uploads\/2025\/06\/IMG_0973-768x1024.jpg 768w, https:\/\/www.lbmedica.cz\/wp-content\/uploads\/2025\/06\/IMG_0973-1152x1536.jpg 1152w, https:\/\/www.lbmedica.cz\/wp-content\/uploads\/2025\/06\/IMG_0973-1536x2048.jpg 1536w\" sizes=\"auto, (max-width: 1920px) 100vw, 1920px\" \/><\/figure>\n<\/div>\n<\/div>\n\n\n\n<div class=\"wp-block-columns is-layout-flex wp-container-core-columns-is-layout-28f84493 wp-block-columns-is-layout-flex\">\n<div class=\"wp-block-column is-layout-flow wp-block-column-is-layout-flow\">\n<p class=\"has-text-align-center\">ORL l\u00e9ka\u0159<br>MUDr. Lorencov\u00e1 Lucie<\/p>\n<\/div>\n\n\n\n<div class=\"wp-block-column is-layout-flow wp-block-column-is-layout-flow\">\n<p class=\"has-text-align-center\">asistentka<br>Stiblanov\u00e1 Krist\u00fdna<\/p>\n<\/div>\n\n\n\n<div class=\"wp-block-column is-layout-flow wp-block-column-is-layout-flow\">\n<p class=\"has-text-align-center\">asistentka<br>H\u016flkov\u00e1 Lucie<\/p>\n<\/div>\n<\/div>\n\n\n\n<details class=\"wp-block-details is-layout-flow wp-block-details-is-layout-flow\"><summary>Sna\u017e\u00edme se o mil\u00e9 prost\u0159ed\u00ed.<br><\/summary>\n<div class=\"wp-block-group is-nowrap is-layout-flex wp-container-core-group-is-layout-6c531013 wp-block-group-is-layout-flex\">\n<figure class=\"wp-block-image size-full\"><img loading=\"lazy\" decoding=\"async\" width=\"480\" height=\"640\" src=\"https:\/\/www.lbmedica.cz\/wp-content\/uploads\/2025\/06\/image0-rotated.jpeg\" alt=\"\" class=\"wp-image-180\" srcset=\"https:\/\/www.lbmedica.cz\/wp-content\/uploads\/2025\/06\/image0-rotated.jpeg 480w, https:\/\/www.lbmedica.cz\/wp-content\/uploads\/2025\/06\/image0-225x300.jpeg 225w\" sizes=\"auto, (max-width: 480px) 100vw, 480px\" \/><\/figure>\n\n\n\n<figure class=\"wp-block-image size-full\"><img loading=\"lazy\" decoding=\"async\" width=\"480\" height=\"640\" src=\"https:\/\/www.lbmedica.cz\/wp-content\/uploads\/2025\/06\/image1-rotated.jpeg\" alt=\"\" class=\"wp-image-183\" srcset=\"https:\/\/www.lbmedica.cz\/wp-content\/uploads\/2025\/06\/image1-rotated.jpeg 480w, https:\/\/www.lbmedica.cz\/wp-content\/uploads\/2025\/06\/image1-225x300.jpeg 225w\" sizes=\"auto, (max-width: 480px) 100vw, 480px\" \/><\/figure>\n<\/div>\n<\/details>\n\n\n\n<p><\/p>\n","protected":false},"excerpt":{"rendered":"<p>Poznejte n\u00e1\u0161 t\u00fdm Jsme t\u00fdm zku\u0161en\u00fdch zdravotn\u00edk\u016f, kte\u0159\u00ed se specializuj\u00ed na oblast ORL.Na\u0161e ordinace se nach\u00e1z\u00ed v Praze 7 a poskytujeme komplexn\u00ed p\u00e9\u010di v oblasti u\u0161n\u00ed, nosn\u00ed a kr\u010dn\u00ed. ORL l\u00e9ka\u0159MUDr. Lorencov\u00e1 Lucie asistentkaStiblanov\u00e1 Krist\u00fdna asistentkaH\u016flkov\u00e1 Lucie<\/p>\n","protected":false},"author":2,"featured_media":0,"parent":0,"menu_order":0,"comment_status":"closed","ping_status":"closed","template":"","meta":{"footnotes":""},"class_list":["post-111","page","type-page","status-publish","hentry"],"_links":{"self":[{"href":"https:\/\/www.lbmedica.cz\/index.php?rest_route=\/wp\/v2\/pages\/111","targetHints":{"allow":["GET"]}}],"collection":[{"href":"https:\/\/www.lbmedica.cz\/index.php?rest_route=\/wp\/v2\/pages"}],"about":[{"href":"https:\/\/www.lbmedica.cz\/index.php?rest_route=\/wp\/v2\/types\/page"}],"author":[{"embeddable":true,"href":"https:\/\/www.lbmedica.cz\/index.php?rest_route=\/wp\/v2\/users\/2"}],"replies":[{"embeddable":true,"href":"https:\/\/www.lbmedica.cz\/index.php?rest_route=%2Fwp%2Fv2%2Fcomments&post=111"}],"version-history":[{"count":7,"href":"https:\/\/www.lbmedica.cz\/index.php?rest_route=\/wp\/v2\/pages\/111\/revisions"}],"predecessor-version":[{"id":220,"href":"https:\/\/www.lbmedica.cz\/index.php?rest_route=\/wp\/v2\/pages\/111\/revisions\/220"}],"wp:attachment":[{"href":"https:\/\/www.lbmedica.cz\/index.php?rest_route=%2Fwp%2Fv2%2Fmedia&parent=111"}],"curies":[{"name":"wp","href":"https:\/\/api.w.org\/{rel}","templated":true}]}}